{"id":24,"date":"2015-02-23T16:52:27","date_gmt":"2015-02-23T16:52:27","guid":{"rendered":"http:\/\/saxo-web.de\/?page_id=24"},"modified":"2015-03-19T19:22:43","modified_gmt":"2015-03-19T19:22:43","slug":"wanderbuch-des-baeckers-ernst-theodor-otto-schuster","status":"publish","type":"page","link":"https:\/\/saxo-web.de\/?page_id=24","title":{"rendered":"Wanderbuch des B\u00e4ckers Ernst Theodor Otto Schuster"},"content":{"rendered":"<p>Ernst Theodor Otto Schuster ist mein Urgro\u00dfvater und war am 5. April 1890\u00a0 in seiner Heimatstadt Bunzlau als B\u00e4ckergeselle auf Wanderschaft (Walz) durch Deutschland und \u00d6sterreich-Ungarn gegangen und hat sich am 25. Oktober 1902 in Dresden niedergelassen.<\/p>\n<p>Das handschriftliche Buch mit den Stationen seiner Wanderschaft habe ich aufgearbeitet und die Touren nachvollzogen. Bis auf wenige Ausnahmen konnten alle Orte identifiziert werden, auch wenn diese z.B. im heute rum\u00e4nischen Siebenb\u00fcrgen, in der Slowakei und dem heute \u00f6sterreichischen Burgenland zu damaliger Zeit \u00fcberwiegend ungarische Ortsnamen trugen.<\/p>\n<p><a href=\"http:\/\/saxo-web.de\/wp-content\/uploads\/2015\/02\/Einband-front.jpg\"><img decoding=\"async\" loading=\"lazy\" class=\"alignnone size-medium wp-image-25\" src=\"http:\/\/saxo-web.de\/wp-content\/uploads\/2015\/02\/Einband-front-201x300.jpg\" alt=\"Einband front\" width=\"201\" height=\"300\" srcset=\"https:\/\/saxo-web.de\/wp-content\/uploads\/2015\/02\/Einband-front-201x300.jpg 201w, https:\/\/saxo-web.de\/wp-content\/uploads\/2015\/02\/Einband-front.jpg 341w\" sizes=\"(max-width: 201px) 100vw, 201px\" \/><\/a><\/p>\n<p>Originaleinband<\/p>\n<p><a href=\"http:\/\/saxo-web.de\/wp-content\/uploads\/2015\/02\/Wanderbuch-web.pdf\">Wanderbuch Original<\/a> (pdf-Datei, 2,5 MB)<\/p>\n<p>Bearbeitetes Wanderbuch mit heutigen Ortsnamen und Karte (pdf-Dateien, je 20,5 MB):<\/p>\n<p><a href=\"http:\/\/saxo-web.de\/wp-content\/uploads\/2015\/02\/Wanderbuch-neu-web-Seite-1-43.pdf\">Wanderbuch Seite 1 &#8211; 43<\/a><\/p>\n<p><a href=\"http:\/\/saxo-web.de\/wp-content\/uploads\/2015\/02\/Wanderbuch-neu-web-Seite-44-83.pdf\">Wanderbuch Seite 44 &#8211; 83<\/a><\/p>\n<p>Die Wanderrouten bei Google-Maps:<\/p>\n<p><a title=\"Wanderbuch Karten\" href=\"http:\/\/saxo-web.de\/maps\/Wanderbuch\/wanderbuch.html\"><img decoding=\"async\" loading=\"lazy\" class=\" wp-image-71 size-full aligncenter\" src=\"http:\/\/saxo-web.de\/wp-content\/uploads\/2015\/02\/GoogleMaps-SW.png\" alt=\"\" width=\"121\" height=\"129\" \/><\/a><\/p>\n<p>&nbsp;<\/p>\n<p>&nbsp;<\/p>\n<p><span class=\"infodisplay\"><br \/>\n<\/span><\/p>\n","protected":false},"excerpt":{"rendered":"<p>Ernst Theodor Otto Schuster ist mein Urgro\u00dfvater und war am 5. April 1890\u00a0 in seiner Heimatstadt Bunzlau als B\u00e4ckergeselle auf Wanderschaft (Walz) durch Deutschland und \u00d6sterreich-Ungarn gegangen und hat sich am 25. Oktober 1902 in Dresden niedergelassen. Das handschriftliche Buch mit den Stationen seiner Wanderschaft habe ich aufgearbeitet und die Touren nachvollzogen. Bis auf wenige &hellip; <a href=\"https:\/\/saxo-web.de\/?page_id=24\" class=\"more-link\"><span class=\"screen-reader-text\">Wanderbuch des B\u00e4ckers Ernst Theodor Otto Schuster<\/span> weiterlesen <span class=\"meta-nav\">&rarr;<\/span><\/a><\/p>\n","protected":false},"author":1,"featured_media":0,"parent":2,"menu_order":0,"comment_status":"open","ping_status":"open","template":"","meta":[],"_links":{"self":[{"href":"https:\/\/saxo-web.de\/index.php?rest_route=\/wp\/v2\/pages\/24"}],"collection":[{"href":"https:\/\/saxo-web.de\/index.php?rest_route=\/wp\/v2\/pages"}],"about":[{"href":"https:\/\/saxo-web.de\/index.php?rest_route=\/wp\/v2\/types\/page"}],"author":[{"embeddable":true,"href":"https:\/\/saxo-web.de\/index.php?rest_route=\/wp\/v2\/users\/1"}],"replies":[{"embeddable":true,"href":"https:\/\/saxo-web.de\/index.php?rest_route=%2Fwp%2Fv2%2Fcomments&post=24"}],"version-history":[{"count":10,"href":"https:\/\/saxo-web.de\/index.php?rest_route=\/wp\/v2\/pages\/24\/revisions"}],"predecessor-version":[{"id":74,"href":"https:\/\/saxo-web.de\/index.php?rest_route=\/wp\/v2\/pages\/24\/revisions\/74"}],"up":[{"embeddable":true,"href":"https:\/\/saxo-web.de\/index.php?rest_route=\/wp\/v2\/pages\/2"}],"wp:attachment":[{"href":"https:\/\/saxo-web.de\/index.php?rest_route=%2Fwp%2Fv2%2Fmedia&parent=24"}],"curies":[{"name":"wp","href":"https:\/\/api.w.org\/{rel}","templated":true}]}}