{"id":2,"date":"2014-11-21T04:51:49","date_gmt":"2014-11-21T04:51:49","guid":{"rendered":"http:\/\/localhost\/wordpress-4.0.1\/wordpress\/?page_id=2"},"modified":"2018-04-11T13:20:23","modified_gmt":"2018-04-11T13:20:23","slug":"sample-page","status":"publish","type":"page","link":"https:\/\/saxo-web.de\/","title":{"rendered":"Willkommen"},"content":{"rendered":"<p style=\"text-align: center;\">auf # saxo-web.de # richter-joerg.de # j\u00f6rg-richter.de<\/p>\n<p style=\"text-align: center;\">Dies ist eine private Webseite von J\u00f6rg Richter aus Dresden.<\/p>\n<hr \/>\n<p style=\"text-align: center;\">\u00a0<span style=\"color: #003366;\"><strong>Webzugang f\u00fcr saxo-web Email-Postf\u00e4cher: <\/strong><\/span><br \/>\n<span style=\"color: #003366;\"><strong>Als Benutzername vollst\u00e4ndige Emailadresse angeben.<\/strong><\/span><\/p>\n<p style=\"text-align: center;\"><a title=\"Strato Communicator\" href=\"https:\/\/webmail.strato.de\"><img decoding=\"async\" loading=\"lazy\" class=\"aligncenter wp-image-98 size-medium\" src=\"http:\/\/saxo-web.de\/wp-content\/uploads\/2014\/11\/Strato-Webmail-2-300x79.png\" width=\"300\" height=\"79\" srcset=\"https:\/\/saxo-web.de\/wp-content\/uploads\/2014\/11\/Strato-Webmail-2-300x79.png 300w, https:\/\/saxo-web.de\/wp-content\/uploads\/2014\/11\/Strato-Webmail-2.png 595w\" sizes=\"(max-width: 300px) 100vw, 300px\" \/><\/a><span style=\"color: #003366;\"><strong>Falls der Link blockiert wird (ggf. in Firmennetzwerken),<br \/>\nkann diese Alternative probiert werden:\u00a0 <\/strong><\/span><\/p>\n<p style=\"text-align: center;\"><a href=\"https:\/\/com4.strato.de\/appsuite\/signin\" rel=\"attachment wp-att-89\"><img decoding=\"async\" loading=\"lazy\" class=\"aligncenter wp-image-99 size-medium\" src=\"http:\/\/saxo-web.de\/wp-content\/uploads\/2014\/11\/Strato-Webmail-alt-2-300x79.png\" width=\"300\" height=\"79\" srcset=\"https:\/\/saxo-web.de\/wp-content\/uploads\/2014\/11\/Strato-Webmail-alt-2-300x79.png 300w, https:\/\/saxo-web.de\/wp-content\/uploads\/2014\/11\/Strato-Webmail-alt-2.png 595w\" sizes=\"(max-width: 300px) 100vw, 300px\" \/><\/a><\/p>\n<hr \/>\n<p style=\"text-align: center;\"><strong><span style=\"color: #333399;\">Meine &#8222;Ferien-&#8220; Wohnung in Prag<\/span><\/strong><\/p>\n<p style=\"text-align: center;\"><a title=\"&quot;Ferien-&quot; Wohnung in Prag\" href=\"http:\/\/prag.saxo-web.de\/\" target=\"_blank\" rel=\"noopener\"><img decoding=\"async\" loading=\"lazy\" class=\"aligncenter wp-image-60 size-full\" src=\"http:\/\/saxo-web.de\/wp-content\/uploads\/2015\/02\/Titel-Prag-small.jpg\" alt=\"Titel Prag small\" width=\"600\" height=\"150\" srcset=\"https:\/\/saxo-web.de\/wp-content\/uploads\/2015\/02\/Titel-Prag-small.jpg 600w, https:\/\/saxo-web.de\/wp-content\/uploads\/2015\/02\/Titel-Prag-small-300x75.jpg 300w\" sizes=\"(max-width: 600px) 100vw, 600px\" \/><\/a><\/p>\n<hr \/>\n<p style=\"text-align: center;\"><strong><span style=\"color: #800000;\">Wanderbuch meines Urgro\u00dfvaters:<\/span><\/strong><\/p>\n<p>\u00a0 <a title=\"\" href=\"http:\/\/saxo-web.de\/?page_id=24\"><img decoding=\"async\" loading=\"lazy\" class=\" size-medium wp-image-48 aligncenter\" title=\"\" src=\"http:\/\/saxo-web.de\/wp-content\/uploads\/2014\/11\/Wanderbuch-Titel-neu-212x300.jpg\" alt=\"Wanderbuch Titel neu\" width=\"212\" height=\"300\" srcset=\"https:\/\/saxo-web.de\/wp-content\/uploads\/2014\/11\/Wanderbuch-Titel-neu-212x300.jpg 212w, https:\/\/saxo-web.de\/wp-content\/uploads\/2014\/11\/Wanderbuch-Titel-neu-724x1024.jpg 724w, https:\/\/saxo-web.de\/wp-content\/uploads\/2014\/11\/Wanderbuch-Titel-neu.jpg 835w\" sizes=\"(max-width: 212px) 100vw, 212px\" \/><\/a><\/p>\n<p>&nbsp;<\/p>\n<hr \/>\n<p style=\"text-align: center;\">\u00a0<span style=\"color: #003300;\"><strong>Ausgew\u00e4hlte Routen der letzten Jahre mit Google Maps dargestellt:<\/strong><\/span><\/p>\n<p><a href=\"http:\/\/saxo-web.de\/maps\"><img decoding=\"async\" loading=\"lazy\" class=\"aligncenter wp-image-71 size-full\" src=\"http:\/\/saxo-web.de\/wp-content\/uploads\/2015\/02\/GoogleMaps-SW.png\" alt=\"GoogleMaps SW\" width=\"121\" height=\"129\" \/><\/a><\/p>\n<hr \/>\n<p><!-- BEGINN des zanox-affiliate HTML-Code --><br \/>\n<!-- ( Der HTML-Code darf im Sinne der einwandfreien Funktionalit\u00e4t nicht ver\u00e4ndert werden! ) --><br \/>\n<a href=\"http:\/\/www.zanox-affiliate.de\/ppc\/?44864238C653324121T\"><img decoding=\"async\" loading=\"lazy\" src=\"http:\/\/www.zanox-affiliate.de\/ppv\/?44864238C653324121\" align=\"bottom\" width=\"728\" height=\"90\" border=\"0\" hspace=\"1\" alt=\"Der Dresdner Christstollen\"><\/a><br \/>\n<!-- ENDE des zanox-affiliate HTML-Code --><\/p>\n<hr \/>\n<p><!-- BEGINN des zanox-affiliate HTML-Code --><br \/>\n<!-- ( Der HTML-Code darf im Sinne der einwandfreien Funktionalit\u00e4t nicht ver\u00e4ndert werden! ) --><br \/>\n<a href=\"http:\/\/www.zanox-affiliate.de\/ppc\/?44864239C509491199T\"><img decoding=\"async\" loading=\"lazy\" src=\"http:\/\/www.zanox-affiliate.de\/ppv\/?44864239C509491199\" align=\"bottom\" width=\"728\" height=\"90\" border=\"0\" hspace=\"1\" alt=\"Alles rund um Hausbau, Umbau und Ausbau bei ImmobilienScout24\"><\/a><br \/>\n<!-- ENDE des zanox-affiliate HTML-Code --><\/p>\n<hr \/>\n","protected":false},"excerpt":{"rendered":"<p>auf # saxo-web.de # richter-joerg.de # j\u00f6rg-richter.de Dies ist eine private Webseite von J\u00f6rg Richter aus Dresden. \u00a0Webzugang f\u00fcr saxo-web Email-Postf\u00e4cher: Als Benutzername vollst\u00e4ndige Emailadresse angeben. Falls der Link blockiert wird (ggf. in Firmennetzwerken), kann diese Alternative probiert werden:\u00a0 Meine &#8222;Ferien-&#8220; Wohnung in Prag Wanderbuch meines Urgro\u00dfvaters: \u00a0 &nbsp; \u00a0Ausgew\u00e4hlte Routen der letzten Jahre mit &hellip; <a href=\"https:\/\/saxo-web.de\/\" class=\"more-link\"><span class=\"screen-reader-text\">Willkommen<\/span> weiterlesen <span class=\"meta-nav\">&rarr;<\/span><\/a><\/p>\n","protected":false},"author":1,"featured_media":0,"parent":0,"menu_order":0,"comment_status":"open","ping_status":"open","template":"","meta":[],"_links":{"self":[{"href":"https:\/\/saxo-web.de\/index.php?rest_route=\/wp\/v2\/pages\/2"}],"collection":[{"href":"https:\/\/saxo-web.de\/index.php?rest_route=\/wp\/v2\/pages"}],"about":[{"href":"https:\/\/saxo-web.de\/index.php?rest_route=\/wp\/v2\/types\/page"}],"author":[{"embeddable":true,"href":"https:\/\/saxo-web.de\/index.php?rest_route=\/wp\/v2\/users\/1"}],"replies":[{"embeddable":true,"href":"https:\/\/saxo-web.de\/index.php?rest_route=%2Fwp%2Fv2%2Fcomments&post=2"}],"version-history":[{"count":19,"href":"https:\/\/saxo-web.de\/index.php?rest_route=\/wp\/v2\/pages\/2\/revisions"}],"predecessor-version":[{"id":104,"href":"https:\/\/saxo-web.de\/index.php?rest_route=\/wp\/v2\/pages\/2\/revisions\/104"}],"wp:attachment":[{"href":"https:\/\/saxo-web.de\/index.php?rest_route=%2Fwp%2Fv2%2Fmedia&parent=2"}],"curies":[{"name":"wp","href":"https:\/\/api.w.org\/{rel}","templated":true}]}}